{"id":56,"date":"2022-03-08T09:55:02","date_gmt":"2022-03-08T08:55:02","guid":{"rendered":"http:\/\/groupe-incendie.com\/beta\/?page_id=56"},"modified":"2022-03-08T14:28:45","modified_gmt":"2022-03-08T13:28:45","slug":"r-i-a","status":"publish","type":"page","link":"http:\/\/groupe-incendie.com\/index.php\/nos-produits\/r-i-a\/","title":{"rendered":"R.I.A"},"content":{"rendered":"<p>[vc_row css=&#8221;.vc_custom_1646729726134{padding-top: 80px !important;padding-bottom: 80px !important;}&#8221;][vc_column][vc_wp_text]Les robinets d\u2019incendie arm\u00e9s (RIA) font partie des dispositifs de lutte contre l\u2019incendie permettant d\u2019attaquer le feu \u00e0 sa naissance avant son d\u00e9veloppement. Les robinets d\u2019incendie arm\u00e9s (RIA) doivent \u00eatre obligatoirement install\u00e9s dans diff\u00e9rents types d\u2019\u00e9tablissements parmi lesquels les \u00e9tablissements recevant du public (ERP), les b\u00e2timents industriels\u2026<\/p>\n<p>Il existe diff\u00e9rents types de robinets d\u2019incendie arm\u00e9s (RIA) classifi\u00e9s selon le diam\u00e8tre int\u00e9rieur du tuyau. Les robinets les plus couramment install\u00e9s sont les robinets d\u2019incendie arm\u00e9s (RIA) de diam\u00e8tre DN19, DN25 et DN33. Nos RIA sont certifi\u00e9s NF, EN, CE, AENOR marque certifiant de la qualit\u00e9 de nos produits.<\/p>\n<p>Tous les robinets d\u2019incendie arm\u00e9s (RIA) install\u00e9s par GROUPE INCENDIE sont conformes aux normes en vigueur. Les robinets d\u2019incendie arm\u00e9s (RIA) doivent \u00eatre v\u00e9rifi\u00e9s chaque ann\u00e9e par un organisme agr\u00e9e tel que GROUPE INCENDIE.<\/p>\n<p>L\u2019\u00e9quipe GI assure ainsi la v\u00e9rification et la maintenance des robinets d\u2019incendie arm\u00e9s RIA (v\u00e9rification compl\u00e8te avec remplacement des \u00e9ventuelles pi\u00e8ces d\u00e9fectueuses), selon les normes en vigueur.[\/vc_wp_text][\/vc_column][\/vc_row][vc_row][vc_column width=&#8221;1\/2&#8243;][vc_single_image image=&#8221;78&#8243; img_size=&#8221;full&#8221;][vc_raw_html]JTNDcCUyMGNsYXNzJTNEJTIydGl0bGUtYnRtJTIyJTNFUklBJTIwU0FOUyUyMEFSTU9JUkUlM0MlMkZwJTNF[\/vc_raw_html][\/vc_column][vc_column width=&#8221;1\/2&#8243;][vc_single_image image=&#8221;80&#8243; img_size=&#8221;full&#8221;][vc_raw_html]JTNDcCUyMGNsYXNzJTNEJTIydGl0bGUtYnRtJTIyJTNFUklBJTIwQVZFQyUyMEFSTU9JUkUlM0MlMkZwJTNF[\/vc_raw_html][\/vc_column][\/vc_row]<\/p>\n","protected":false},"excerpt":{"rendered":"<p>[vc_row css=&#8221;.vc_custom_1646729726134{padding-top: 80px !important;padding-bottom: 80px !important;}&#8221;][vc_column][vc_wp_text]Les robinets d\u2019incendie arm\u00e9s (RIA) font partie des dispositifs de lutte contre l\u2019incendie permettant d\u2019attaquer le feu \u00e0 sa naissance avant son d\u00e9veloppement. Les robinets d\u2019incendie arm\u00e9s (RIA) doivent \u00eatre obligatoirement install\u00e9s dans diff\u00e9rents types d\u2019\u00e9tablissements parmi lesquels les \u00e9tablissements recevant du public (ERP), les b\u00e2timents industriels\u2026 Il existe diff\u00e9rents [&hellip;]<\/p>\n","protected":false},"author":1,"featured_media":0,"parent":50,"menu_order":0,"comment_status":"closed","ping_status":"closed","template":"","meta":{"footnotes":""},"class_list":["post-56","page","type-page","status-publish","hentry"],"_links":{"self":[{"href":"http:\/\/groupe-incendie.com\/index.php\/wp-json\/wp\/v2\/pages\/56","targetHints":{"allow":["GET"]}}],"collection":[{"href":"http:\/\/groupe-incendie.com\/index.php\/wp-json\/wp\/v2\/pages"}],"about":[{"href":"http:\/\/groupe-incendie.com\/index.php\/wp-json\/wp\/v2\/types\/page"}],"author":[{"embeddable":true,"href":"http:\/\/groupe-incendie.com\/index.php\/wp-json\/wp\/v2\/users\/1"}],"replies":[{"embeddable":true,"href":"http:\/\/groupe-incendie.com\/index.php\/wp-json\/wp\/v2\/comments?post=56"}],"version-history":[{"count":4,"href":"http:\/\/groupe-incendie.com\/index.php\/wp-json\/wp\/v2\/pages\/56\/revisions"}],"predecessor-version":[{"id":81,"href":"http:\/\/groupe-incendie.com\/index.php\/wp-json\/wp\/v2\/pages\/56\/revisions\/81"}],"up":[{"embeddable":true,"href":"http:\/\/groupe-incendie.com\/index.php\/wp-json\/wp\/v2\/pages\/50"}],"wp:attachment":[{"href":"http:\/\/groupe-incendie.com\/index.php\/wp-json\/wp\/v2\/media?parent=56"}],"curies":[{"name":"wp","href":"https:\/\/api.w.org\/{rel}","templated":true}]}}