{"id":53,"date":"2022-03-08T09:48:14","date_gmt":"2022-03-08T08:48:14","guid":{"rendered":"http:\/\/groupe-incendie.com\/beta\/?page_id=53"},"modified":"2022-03-08T15:24:16","modified_gmt":"2022-03-08T14:24:16","slug":"extincteurs","status":"publish","type":"page","link":"http:\/\/groupe-incendie.com\/index.php\/nos-produits\/extincteurs\/","title":{"rendered":"Extincteurs"},"content":{"rendered":"<p>[vc_row css=&#8221;.vc_custom_1646749456025{padding-top: 80px !important;padding-bottom: 80px !important;}&#8221;][vc_column][vc_wp_text]GROUPE INCENDIE (sp\u00e9cialiste de la protection incendie) propose une gamme vari\u00e9 et compl\u00e8te d\u2019extincteurs pour tous budget et tous types de feux (Classe A,B,C et E).<\/p>\n<p>Qu\u2019il soit \u00e0 eau, \u00e0 poudre ou CO2, tous nos extincteurs sont certifi\u00e9s NF, EN, CE, AENOR marque certifiant de la qualit\u00e9 de nos produits. Nos attach\u00e9s commerciaux, se chargerons de vous informer sur la r\u00e9glementation en vigueur et vous conseillerons sur les extincteurs et leurs emplacements, afin de d\u2019effectuer votre mise en conformit\u00e9 avec le code du travail.<\/p>\n<p>Tous nos techniciens sont dipl\u00f4m\u00e9s et r\u00e9guli\u00e8rement soumis \u00e0 des formations afin de proc\u00e9der \u00e0 une \u00ab installation extincteur \u00bb conforme avec les nouvelles directives. En savoir plus sur la r\u00e9glementation<\/p>\n<p>Nos types d\u2019extincteurs :<\/p>\n<p>Un Extincteur est un appareil portable contenant un agent extincteur, un agent propulseur, utilis\u00e9 pour \u00e9teindre un d\u00e9but d\u2019incendie (ou un feu de faible importance).<\/p>\n<p>L\u2019extincteur \u00e0 utiliser d\u00e9pend de l\u2019origine du feu \u00e0 combattre.<\/p>\n<p>Pour chaque \u00bbClasse \u00bb de feu correspond une cat\u00e9gorie sp\u00e9cifique d\u2019Extincteur contenant un \u00ab Agents Extincteur \u00bb appropri\u00e9 au feu \u00e0 \u00e9teindre.[\/vc_wp_text][\/vc_column][\/vc_row][vc_row][vc_column width=&#8221;1\/4&#8243;][vc_single_image image=&#8221;65&#8243; img_size=&#8221;full&#8221;][vc_raw_html]JTNDcCUyMGNsYXNzJTNEJTIydGl0bGUtYnRtJTIyJTNFRXh0aW5jdGV1ciUyMDElMjBrZyUyMHBvdWRyZSUyMEFCQyUzQyUyRnAlM0U=[\/vc_raw_html][\/vc_column][vc_column width=&#8221;1\/4&#8243;][vc_single_image image=&#8221;67&#8243; img_size=&#8221;full&#8221;][vc_raw_html]JTNDcCUyMGNsYXNzJTNEJTIydGl0bGUtYnRtJTIyJTNFRXh0aW5jdGV1ciUyMDIlMjBrZyUyMHBvdWRyZSUyMEFCQyUzQyUyRnAlM0U=[\/vc_raw_html][\/vc_column][vc_column width=&#8221;1\/4&#8243;][vc_single_image image=&#8221;68&#8243; img_size=&#8221;full&#8221;][vc_raw_html]JTNDcCUyMGNsYXNzJTNEJTIydGl0bGUtYnRtJTIyJTNFRXh0aW5jdGV1ciUyMDYlMjBrZyUyMHBvdWRyZSUyMEFCQyUzQyUyRnAlM0U=[\/vc_raw_html][\/vc_column][vc_column width=&#8221;1\/4&#8243;][vc_single_image image=&#8221;69&#8243; img_size=&#8221;full&#8221;][vc_raw_html]JTNDcCUyMGNsYXNzJTNEJTIydGl0bGUtYnRtJTIyJTNFRXh0aW5jdGV1ciUyMDklMjBrZyUyMHBvdWRyZSUyMEFCQyUzQyUyRnAlM0U=[\/vc_raw_html][\/vc_column][\/vc_row][vc_row][vc_column width=&#8221;1\/4&#8243;][vc_single_image image=&#8221;70&#8243; img_size=&#8221;full&#8221;][vc_raw_html]JTNDcCUyMGNsYXNzJTNEJTIydGl0bGUtYnRtJTIyJTNFRXh0aW5jdGV1ciUyMDI1JTIwa2clMjBwb3VkcmUlMjBBQkMlMjBTVVIlMjBST1VFUyUzQyUyRnAlM0U=[\/vc_raw_html][\/vc_column][vc_column width=&#8221;1\/4&#8243;][vc_single_image image=&#8221;71&#8243; img_size=&#8221;full&#8221;][vc_raw_html]JTNDcCUyMGNsYXNzJTNEJTIydGl0bGUtYnRtJTIyJTNFRXh0aW5jdGV1ciUyMDUwJTIwa2clMjBwb3VkcmUlMjBBQkMlMjBTVVIlMjBST1VFUyUzQyUyRnAlM0U=[\/vc_raw_html][\/vc_column][vc_column width=&#8221;1\/4&#8243;][vc_single_image image=&#8221;72&#8243; img_size=&#8221;full&#8221;][vc_raw_html]JTNDcCUyMGNsYXNzJTNEJTIydGl0bGUtYnRtJTIyJTNFRXh0aW5jdGV1ciUyMDYlMjBMdCUyMCVDMyVBMCUyMGVhdSUyMCUyQiUyMEFkZGl0aWYlM0MlMkZwJTNF[\/vc_raw_html][\/vc_column][vc_column width=&#8221;1\/4&#8243;][vc_single_image image=&#8221;73&#8243; img_size=&#8221;full&#8221;][vc_raw_html]JTNDcCUyMGNsYXNzJTNEJTIydGl0bGUtYnRtJTIyJTNFRXh0aW5jdGV1ciUyMDklMjBMdCUyMCVDMyVBMCUyMGVhdSUyMCUyQiUyMEFkZGl0aWYlM0MlMkZwJTNF[\/vc_raw_html][\/vc_column][\/vc_row][vc_row][vc_column width=&#8221;1\/4&#8243;][vc_single_image image=&#8221;74&#8243; img_size=&#8221;full&#8221;][vc_raw_html]JTNDcCUyMGNsYXNzJTNEJTIydGl0bGUtYnRtJTIyJTNFRXh0aW5jdGV1ciUyMDIlMjBLZyUyMENPMiUyMGRpb3h5ZGUlMjBkZSUyMGNhcmJvbmUlM0MlMkZwJTNF[\/vc_raw_html][\/vc_column][vc_column width=&#8221;1\/4&#8243;][vc_single_image image=&#8221;75&#8243; img_size=&#8221;full&#8221;][vc_raw_html]JTNDcCUyMGNsYXNzJTNEJTIydGl0bGUtYnRtJTIyJTNFRXh0aW5jdGV1ciUyMDUlMjBLZyUyMENPMiUyMGRpb3h5ZGUlMjBkZSUyMGNhcmJvbmUlM0MlMkZwJTNF[\/vc_raw_html][\/vc_column][vc_column width=&#8221;1\/4&#8243;][vc_single_image image=&#8221;76&#8243; img_size=&#8221;full&#8221;][vc_raw_html]JTNDcCUyMGNsYXNzJTNEJTIydGl0bGUtYnRtJTIyJTNFRXh0aW5jdGV1ciUyMDEwJTIwS2clMjBDTzIlMjBzdXIlMjByb3VlcyUzQyUyRnAlM0U=[\/vc_raw_html][\/vc_column][\/vc_row]<\/p>\n","protected":false},"excerpt":{"rendered":"<p>[vc_row css=&#8221;.vc_custom_1646749456025{padding-top: 80px !important;padding-bottom: 80px !important;}&#8221;][vc_column][vc_wp_text]GROUPE INCENDIE (sp\u00e9cialiste de la protection incendie) propose une gamme vari\u00e9 et compl\u00e8te d\u2019extincteurs pour tous budget et tous types de feux (Classe A,B,C et E). Qu\u2019il soit \u00e0 eau, \u00e0 poudre ou CO2, tous nos extincteurs sont certifi\u00e9s NF, EN, CE, AENOR marque certifiant de la qualit\u00e9 de nos [&hellip;]<\/p>\n","protected":false},"author":1,"featured_media":0,"parent":50,"menu_order":0,"comment_status":"closed","ping_status":"closed","template":"","meta":{"footnotes":""},"class_list":["post-53","page","type-page","status-publish","hentry"],"_links":{"self":[{"href":"http:\/\/groupe-incendie.com\/index.php\/wp-json\/wp\/v2\/pages\/53","targetHints":{"allow":["GET"]}}],"collection":[{"href":"http:\/\/groupe-incendie.com\/index.php\/wp-json\/wp\/v2\/pages"}],"about":[{"href":"http:\/\/groupe-incendie.com\/index.php\/wp-json\/wp\/v2\/types\/page"}],"author":[{"embeddable":true,"href":"http:\/\/groupe-incendie.com\/index.php\/wp-json\/wp\/v2\/users\/1"}],"replies":[{"embeddable":true,"href":"http:\/\/groupe-incendie.com\/index.php\/wp-json\/wp\/v2\/comments?post=53"}],"version-history":[{"count":5,"href":"http:\/\/groupe-incendie.com\/index.php\/wp-json\/wp\/v2\/pages\/53\/revisions"}],"predecessor-version":[{"id":66,"href":"http:\/\/groupe-incendie.com\/index.php\/wp-json\/wp\/v2\/pages\/53\/revisions\/66"}],"up":[{"embeddable":true,"href":"http:\/\/groupe-incendie.com\/index.php\/wp-json\/wp\/v2\/pages\/50"}],"wp:attachment":[{"href":"http:\/\/groupe-incendie.com\/index.php\/wp-json\/wp\/v2\/media?parent=53"}],"curies":[{"name":"wp","href":"https:\/\/api.w.org\/{rel}","templated":true}]}}