{"id":52,"date":"2022-03-08T11:14:19","date_gmt":"2022-03-08T10:14:19","guid":{"rendered":"http:\/\/groupe-incendie.com\/beta\/?page_id=52"},"modified":"2022-03-08T15:22:47","modified_gmt":"2022-03-08T14:22:47","slug":"formation-maintenance","status":"publish","type":"page","link":"http:\/\/groupe-incendie.com\/index.php\/formation-maintenance\/","title":{"rendered":"Formation &#038; Maintenance"},"content":{"rendered":"<p>[vc_row css=&#8221;.vc_custom_1646734418505{padding-top: 80px !important;padding-bottom: 80px !important;}&#8221;][vc_column][vc_column_text]<\/p>\n<h2>Maintenance RIA<\/h2>\n<p>La maintenance des RIA est une op\u00e9ration d\u00e9licate, visant \u00e0 v\u00e9rifier l\u2019ensemble des pi\u00e8ces m\u00e9caniques et des sources d\u2019alimentation de chaque installation pr\u00e9sente sur le site. En effet, en tant que dispositifs de premier secours, les RIA sont cens\u00e9s \u00eatre pr\u00eats \u00e0 l\u2019emploi en permanence. Un disfonctionnement ou une d\u00e9faillance peuvent s\u2019av\u00e9rer fatales en cas d\u2019incendie.<br \/>\nGr\u00e2ce \u00e0 son expertise en mati\u00e8re de s\u00e9curit\u00e9 incendie, GROUPE INCENDIE est en mesure d\u2019assurer la maintenance des RIA install\u00e9s dans votre \u00e9tablissement ou \u00e0 proximit\u00e9 de celui-ci.<\/p>\n<p>nos \u00e9quipes v\u00e9rifient soigneusement :<\/p>\n<p>l\u2019\u00e9tancheit\u00e9 et le parfait \u00e9tat de toutes les parties m\u00e9caniques du RIA<\/p>\n<ul>\n<li>l\u2019\u00e9tat des composants de l\u2019alimentation d\u2019eau<\/li>\n<li>le bon fonctionnement des d\u00e9vidoirs de support<\/li>\n<li>le niveau de pression des RIA (au moyen du relev\u00e9 de pression du robinet d\u2019incendie arm\u00e9 le plus d\u00e9favoris\u00e9)<\/li>\n<li>le bon fonctionnement de la pompe, du moteur et du surpresseur<\/li>\n<li>la mise en eau des RIA, pour qu\u2019ils soient pr\u00eats \u00e0 l\u2019utilisation<\/li>\n<\/ul>\n<p>Pour votre s\u00e9curit\u00e9, les RIA doivent obligatoirement faire l\u2019objet d\u2019une v\u00e9rification annuelle men\u00e9e par du personnel qualifi\u00e9.<\/p>\n<p>&nbsp;<\/p>\n<h2>Maintenance Extincteurs<\/h2>\n<p>GROUPE INCENDIE entreprise de r\u00e9f\u00e9rence en mati\u00e8re de s\u00e9curit\u00e9 incendie, assure l\u2019entretien et la maintenance de vos extincteurs, par des techniciens habilit\u00e9s en conformit\u00e9 avec les dispositions de la loi en vigueur.<br \/>\nLa maintenance des extincteurs fait partie des r\u00e8gles de base de s\u00e9curit\u00e9 et de pr\u00e9vention des incendies.<br \/>\nChez GROUPE INCENDIE la maintenance pr\u00e9ventive ou corrective des extincteurs passe, entre autres, par :<\/p>\n<ul>\n<li>le contr\u00f4le visuel du bon \u00e9tat de l\u2019appareil, aussi bien \u00e0 l\u2019int\u00e9rieur qu\u2019\u00e0 l\u2019ext\u00e9rieur<\/li>\n<li>le contr\u00f4le du syst\u00e8me de s\u00e9curit\u00e9 et des \u00e9l\u00e9ments qui composent l\u2019extincteur (tubes, lance, percuteur\u2026)<\/li>\n<li>la v\u00e9rification du niveau de l\u2019eau (pour la maintenance des extincteurs \u00e0 eau)<\/li>\n<li>le d\u00e9tassage de la poudre (pour la maintenance des extincteurs \u00e0 poudre)<\/li>\n<li>le graissage et l\u2019entretien des pi\u00e8ces mobiles de l\u2019extincteur<\/li>\n<li>un test de bon fonctionnement de la g\u00e2chette<\/li>\n<li>le remplacement des joints d\u2019\u00e9tancheit\u00e9<\/li>\n<\/ul>\n<p>Tout comme pour les autres op\u00e9rations d\u2019entretien de l\u2019\u00e9quipement de s\u00e9curit\u00e9 incendie, la maintenance des extincteurs se termine par le renseignement d\u2019une \u00e9tiquette de v\u00e9rification du parc extincteur et par l\u2019inscription du contr\u00f4le au registre de s\u00e9curit\u00e9 de l\u2019\u00e9tablissement.<\/p>\n<p>&nbsp;<\/p>\n<h2>Maintenance DETECTION<\/h2>\n<p>LA DETECTION INCENDIE et un \u00e9quipement fondamentale de s\u00e9curit\u00e9, dont les entreprises, Afin d\u2019assurer le bon fonctionnement des syst\u00e8mes d\u2019alarme, la r\u00e9glementation en vigueur en mati\u00e8re de s\u00e9curit\u00e9 incendie pr\u00e9voit la maintenance des alarmes incendie sur une base r\u00e9guli\u00e8re.<br \/>\nGROUPE INCENDIE se charge de la maintenance de votre alarme incendie. Nous effectuons l\u2019installation et la v\u00e9rification annuelle de tous les mat\u00e9riels pr\u00e9sents dans vos locaux professionnels.<br \/>\nnos \u00e9quipes passe par une analyse approfondie de chacune de vos installations d\u2019alarme. Nous v\u00e9rifions notamment :<\/p>\n<ul>\n<li>l\u2019essai de l\u2019ensemble des mat\u00e9riels<\/li>\n<li>le test de fonctionnement des diffuseurs sonores<\/li>\n<li>le test de fonctionnement des diffuseurs visuels<\/li>\n<li>la bonne dur\u00e9e des signaux sonores et lumineux (selon les dispositions de la loi)<\/li>\n<li>la v\u00e9rification de l\u2019ensemble des d\u00e9clencheurs manuels<\/li>\n<li>l\u2019\u00e9tiquetage et l\u2019inscription de l\u2019op\u00e9ration de maintenance dans le registre de s\u00e9curit\u00e9<\/li>\n<\/ul>\n<p>&nbsp;<\/p>\n<h2>Formations<\/h2>\n<p>En cas d\u2019incendie dans tous types d\u2019\u00e9tablissements, il est important de pouvoir compter sur du personnel form\u00e9 aux gestes ad\u00e9quats pour assurer le d\u00e9but de lutte contre l\u2019incendie. Ils doivent \u00eatre capables d\u2019utiliser le mat\u00e9riel \u00e0 leur disposition et assurer l\u2019\u00e9vacuation du b\u00e2timent.<br \/>\nLes personnels (salari\u00e9s, fonctionnaires, etc.) choisis pour \u00eatre les \u00e9quipiers d\u2019intervention incendie doivent \u00eatre form\u00e9s pour intervenir si un incendie se d\u00e9clenche<br \/>\nLes sessions de formations propos\u00e9es par GROUPE INCENDIE sont assur\u00e9es par des formateurs qualifi\u00e9s.<\/p>\n<p>GROUPE INCENDIE assure ainsi deux formations incendie diff\u00e9rentes :<\/p>\n<p><b>Formation d\u2019Equipier de premi\u00e8re intervention incendie <\/b><br \/>\nFormation th\u00e9orique lutte contre l\u2019incendie (avec support vid\u00e9o)<br \/>\nExercice sur feu r\u00e9el avec g\u00e9n\u00e9rateur de flammes<\/p>\n<p><b>Formation Equipier d\u2019Evacuation<\/b><br \/>\nFormation th\u00e9orique guide et serre file (avec support vid\u00e9o)<br \/>\nExercice d\u2019\u00e9vacuation[\/vc_column_text][\/vc_column][\/vc_row]<\/p>\n","protected":false},"excerpt":{"rendered":"<p>[vc_row css=&#8221;.vc_custom_1646734418505{padding-top: 80px !important;padding-bottom: 80px !important;}&#8221;][vc_column][vc_column_text] Maintenance RIA La maintenance des RIA est une op\u00e9ration d\u00e9licate, visant \u00e0 v\u00e9rifier l\u2019ensemble des pi\u00e8ces m\u00e9caniques et des sources d\u2019alimentation de chaque installation pr\u00e9sente sur le site. En effet, en tant que dispositifs de premier secours, les RIA sont cens\u00e9s \u00eatre pr\u00eats \u00e0 l\u2019emploi en permanence. Un disfonctionnement [&hellip;]<\/p>\n","protected":false},"author":1,"featured_media":0,"parent":0,"menu_order":0,"comment_status":"closed","ping_status":"closed","template":"","meta":{"footnotes":""},"class_list":["post-52","page","type-page","status-publish","hentry"],"_links":{"self":[{"href":"http:\/\/groupe-incendie.com\/index.php\/wp-json\/wp\/v2\/pages\/52","targetHints":{"allow":["GET"]}}],"collection":[{"href":"http:\/\/groupe-incendie.com\/index.php\/wp-json\/wp\/v2\/pages"}],"about":[{"href":"http:\/\/groupe-incendie.com\/index.php\/wp-json\/wp\/v2\/types\/page"}],"author":[{"embeddable":true,"href":"http:\/\/groupe-incendie.com\/index.php\/wp-json\/wp\/v2\/users\/1"}],"replies":[{"embeddable":true,"href":"http:\/\/groupe-incendie.com\/index.php\/wp-json\/wp\/v2\/comments?post=52"}],"version-history":[{"count":2,"href":"http:\/\/groupe-incendie.com\/index.php\/wp-json\/wp\/v2\/pages\/52\/revisions"}],"predecessor-version":[{"id":195,"href":"http:\/\/groupe-incendie.com\/index.php\/wp-json\/wp\/v2\/pages\/52\/revisions\/195"}],"wp:attachment":[{"href":"http:\/\/groupe-incendie.com\/index.php\/wp-json\/wp\/v2\/media?parent=52"}],"curies":[{"name":"wp","href":"https:\/\/api.w.org\/{rel}","templated":true}]}}