{"id":109,"date":"2022-03-08T10:58:40","date_gmt":"2022-03-08T09:58:40","guid":{"rendered":"http:\/\/groupe-incendie.com\/beta\/?page_id=109"},"modified":"2022-03-08T14:31:10","modified_gmt":"2022-03-08T13:31:10","slug":"systeme-de-detection-incendie","status":"publish","type":"page","link":"http:\/\/groupe-incendie.com\/index.php\/nos-produits\/systeme-de-detection-incendie\/","title":{"rendered":"Syst\u00e9me de d\u00e9tection incendie"},"content":{"rendered":"<p>[vc_row css=&#8221;.vc_custom_1646733585169{padding-top: 80px !important;padding-bottom: 80px !important;}&#8221;][vc_column][vc_wp_text]Une installation de d\u00e9tection a pour objectif de d\u00e9celer le plus t\u00f4t possible la naissance d\u2019un incendie afin de r\u00e9duire le d\u00e9lai de mise en \u0153uvre de mesures ad\u00e9quates de lutte contre l\u2019incendie.<\/p>\n<p>Notre \u00e9quipe est compos\u00e9e de techniciens sp\u00e9cialis\u00e9s en d\u00e9tection incendie, c\u2019est la raison pour laquelle nous sommes amen\u00e9s \u00e0 :<\/p>\n<ul>\n<li>Entretenir tout type de Syst\u00e8me de S\u00e9curit\u00e9 Incendie (SSI), dans les \u00e9tablissements recevant du public (ERP), l\u2019habitation, les industries.<\/li>\n<li>Vendre et installer du mat\u00e9riel vous permettant de r\u00e9pondre aux normes en vigueur rattach\u00e9es \u00e0 votre activit\u00e9.<\/li>\n<li>R\u00e9parer ou remettre en \u00e9tat tout type de mat\u00e9riel d\u00e9fectueux (DM, centrale, d\u00e9tecteur optique\u2026).<\/li>\n<\/ul>\n<p>Nous sommes habilit\u00e9s \u00e0 intervenir sur toutes les centrales incendie de marque CHUBB, SIEMENS, DEF, NUGELEC, ESSER, FINSECUR\u2026 pour<\/p>\n<ul>\n<li>les v\u00e9rifications annuelles obligatoires.<\/li>\n<li>l\u2019installation de nouveau mat\u00e9riel.<\/li>\n<li>les d\u00e9pannages (volets, portes coupe feu, d\u00e9tecteurs\u2026).<\/li>\n<li>la formation de votre personnel sur les SSI.<\/li>\n<\/ul>\n<p>[\/vc_wp_text][\/vc_column][\/vc_row][vc_row css=&#8221;.vc_custom_1646733564888{padding-top: 80px !important;padding-bottom: 80px !important;}&#8221;][vc_column width=&#8221;1\/4&#8243;][vc_single_image image=&#8221;110&#8243; img_size=&#8221;full&#8221;][\/vc_column][vc_column width=&#8221;1\/4&#8243;][vc_single_image image=&#8221;111&#8243; img_size=&#8221;full&#8221;][\/vc_column][\/vc_row]<\/p>\n","protected":false},"excerpt":{"rendered":"<p>[vc_row css=&#8221;.vc_custom_1646733585169{padding-top: 80px !important;padding-bottom: 80px !important;}&#8221;][vc_column][vc_wp_text]Une installation de d\u00e9tection a pour objectif de d\u00e9celer le plus t\u00f4t possible la naissance d\u2019un incendie afin de r\u00e9duire le d\u00e9lai de mise en \u0153uvre de mesures ad\u00e9quates de lutte contre l\u2019incendie. Notre \u00e9quipe est compos\u00e9e de techniciens sp\u00e9cialis\u00e9s en d\u00e9tection incendie, c\u2019est la raison pour laquelle nous sommes [&hellip;]<\/p>\n","protected":false},"author":1,"featured_media":0,"parent":50,"menu_order":0,"comment_status":"closed","ping_status":"closed","template":"","meta":{"footnotes":""},"class_list":["post-109","page","type-page","status-publish","hentry"],"_links":{"self":[{"href":"http:\/\/groupe-incendie.com\/index.php\/wp-json\/wp\/v2\/pages\/109","targetHints":{"allow":["GET"]}}],"collection":[{"href":"http:\/\/groupe-incendie.com\/index.php\/wp-json\/wp\/v2\/pages"}],"about":[{"href":"http:\/\/groupe-incendie.com\/index.php\/wp-json\/wp\/v2\/types\/page"}],"author":[{"embeddable":true,"href":"http:\/\/groupe-incendie.com\/index.php\/wp-json\/wp\/v2\/users\/1"}],"replies":[{"embeddable":true,"href":"http:\/\/groupe-incendie.com\/index.php\/wp-json\/wp\/v2\/comments?post=109"}],"version-history":[{"count":4,"href":"http:\/\/groupe-incendie.com\/index.php\/wp-json\/wp\/v2\/pages\/109\/revisions"}],"predecessor-version":[{"id":175,"href":"http:\/\/groupe-incendie.com\/index.php\/wp-json\/wp\/v2\/pages\/109\/revisions\/175"}],"up":[{"embeddable":true,"href":"http:\/\/groupe-incendie.com\/index.php\/wp-json\/wp\/v2\/pages\/50"}],"wp:attachment":[{"href":"http:\/\/groupe-incendie.com\/index.php\/wp-json\/wp\/v2\/media?parent=109"}],"curies":[{"name":"wp","href":"https:\/\/api.w.org\/{rel}","templated":true}]}}